{"id":15,"date":"2024-06-10T17:43:50","date_gmt":"2024-06-10T17:43:50","guid":{"rendered":"https:\/\/globets.net\/?page_id=15"},"modified":"2026-05-04T06:45:56","modified_gmt":"2026-05-04T06:45:56","slug":"conference-venue","status":"publish","type":"page","link":"https:\/\/globets.net\/index.php\/conference-venue\/","title":{"rendered":"Conference Venue"},"content":{"rendered":"\n<p>Address:<br>\u0130smail Beyo\u011flu Caddesi K\u00fc\u00e7\u00fckkaymakl\u0131 Nicosia-Turkish Republic of Northern Cyprus<br>Phone: +90 392 2285636<br>https:\/\/aoa.edu.tr<\/p>\n\n\n<div class=\"wp-block-image\">\n<figure class=\"aligncenter size-large is-resized\"><img loading=\"lazy\" decoding=\"async\" width=\"576\" height=\"1024\" src=\"https:\/\/globets.net\/wp-content\/uploads\/2026\/05\/WhatsApp-Image-2026-05-02-at-21.52.09-576x1024.jpeg\" alt=\"\" class=\"wp-image-804\" style=\"width:1261px;height:auto\" srcset=\"https:\/\/globets.net\/wp-content\/uploads\/2026\/05\/WhatsApp-Image-2026-05-02-at-21.52.09-576x1024.jpeg 576w, https:\/\/globets.net\/wp-content\/uploads\/2026\/05\/WhatsApp-Image-2026-05-02-at-21.52.09-169x300.jpeg 169w, https:\/\/globets.net\/wp-content\/uploads\/2026\/05\/WhatsApp-Image-2026-05-02-at-21.52.09-768x1365.jpeg 768w, https:\/\/globets.net\/wp-content\/uploads\/2026\/05\/WhatsApp-Image-2026-05-02-at-21.52.09-864x1536.jpeg 864w, https:\/\/globets.net\/wp-content\/uploads\/2026\/05\/WhatsApp-Image-2026-05-02-at-21.52.09.jpeg 1080w\" sizes=\"(max-width: 576px) 100vw, 576px\" \/><\/figure><\/div>","protected":false},"excerpt":{"rendered":"<p>Address:\u0130smail Beyo\u011flu Caddesi K\u00fc\u00e7\u00fckkaymakl\u0131 Nicosia-Turkish Republic of Northern CyprusPhone: +90 392 2285636https:\/\/aoa.edu.tr<\/p>\n","protected":false},"author":1,"featured_media":0,"parent":0,"menu_order":0,"comment_status":"closed","ping_status":"closed","template":"","meta":{"footnotes":""},"_links":{"self":[{"href":"https:\/\/globets.net\/index.php\/wp-json\/wp\/v2\/pages\/15"}],"collection":[{"href":"https:\/\/globets.net\/index.php\/wp-json\/wp\/v2\/pages"}],"about":[{"href":"https:\/\/globets.net\/index.php\/wp-json\/wp\/v2\/types\/page"}],"author":[{"embeddable":true,"href":"https:\/\/globets.net\/index.php\/wp-json\/wp\/v2\/users\/1"}],"replies":[{"embeddable":true,"href":"https:\/\/globets.net\/index.php\/wp-json\/wp\/v2\/comments?post=15"}],"version-history":[{"count":8,"href":"https:\/\/globets.net\/index.php\/wp-json\/wp\/v2\/pages\/15\/revisions"}],"predecessor-version":[{"id":805,"href":"https:\/\/globets.net\/index.php\/wp-json\/wp\/v2\/pages\/15\/revisions\/805"}],"wp:attachment":[{"href":"https:\/\/globets.net\/index.php\/wp-json\/wp\/v2\/media?parent=15"}],"curies":[{"name":"wp","href":"https:\/\/api.w.org\/{rel}","templated":true}]}}