{"id":8,"date":"2024-06-10T17:43:50","date_gmt":"2024-06-10T17:43:50","guid":{"rendered":"https:\/\/globets.net\/?page_id=8"},"modified":"2026-04-07T13:15:44","modified_gmt":"2026-04-07T13:15:44","slug":"organizing-commitee","status":"publish","type":"page","link":"https:\/\/globets.net\/index.php\/organizing-commitee\/","title":{"rendered":"Organizing Commitee"},"content":{"rendered":"\n<h5 class=\"wp-block-heading\"><strong>President<\/strong><\/h5>\n\n\n\n<figure class=\"wp-block-flexible-table-block-table is-style-stripes\"><table class=\"has-fixed-layout\" style=\"border-collapse:separate\"><tbody><tr><td><strong>Semra Mirici<\/strong><\/td><td>Gazi University, Turkey<\/td><\/tr><\/tbody><\/table><\/figure>\n\n\n\n<h5 class=\"wp-block-heading\"><strong>Conference Secretariat<\/strong><\/h5>\n\n\n\n<figure class=\"wp-block-flexible-table-block-table is-style-stripes\"><table class=\"has-fixed-layout\" style=\"border-collapse:separate\"><tbody><tr><td><strong>Nur\u015fah Ata\u015f<\/strong><\/td><td>Hacettepe University, Turkey<\/td><\/tr><\/tbody><\/table><\/figure>\n\n\n\n<p class=\"has-medium-font-size\"><\/p>\n\n\n\n<h5 class=\"wp-block-heading\"><strong>Scientific Committee<\/strong><\/h5>\n\n\n\n<figure class=\"wp-block-flexible-table-block-table is-style-stripes\"><table class=\"has-fixed-layout\" style=\"border-collapse:separate\"><tbody><tr><td><strong>Aleksandra Wach<\/strong><\/td><td>Adam Mickiewicz University, Poland<\/td><\/tr><tr><td><strong>Alev Do\u011fan<\/strong><\/td><td>Gazi University, Turkey<\/td><\/tr><tr><td><strong>Ali G\u00fcl<\/strong><\/td><td>Gazi University, Turkey<\/td><\/tr><tr><td><strong>Anna Matsyiak<\/strong><\/td><td>Adam Mickiewicz University, Poland<\/td><\/tr><tr><td><strong>Annemie Desoete<\/strong><\/td><td>Ghent University, Belgium<\/td><\/tr><tr><td><strong>Beril Ak\u0131n<\/strong><\/td><td>Gazi University, Turkey<\/td><\/tr><tr><td><strong>Bradley T. Erford<\/strong><\/td><td>Vanderbilt University, USA<\/td><\/tr><tr><td><strong>Chi Cheung Ruby YANG<\/strong><\/td><td>The Hong Kong Institute of Education, Hong Kong<\/td><\/tr><tr><td><strong>Dagmar El-Hmoudov\u00e1<\/strong><\/td><td>University of Hradec Kralove, Czech Republic<\/td><\/tr><tr><td><strong>Dolly Browner<\/strong><\/td><td>Marikina University, Philippines<\/td><\/tr><tr><td><strong>Dusan Mitic<\/strong><\/td><td>University of Belgrade, Serbia<\/td><\/tr><tr><td><strong>Duygu S\u00f6nmez<\/strong><\/td><td>Hacettepe University, Turkey<\/td><\/tr><tr><td><strong>Eleonora Salvadori<\/strong><\/td><td>Pavia University, Italy<\/td><\/tr><tr><td><strong>Enrica Piccardo<\/strong><\/td><td>University of Toronto, Canada<\/td><\/tr><tr><td><strong>Filomena Capucho<\/strong><\/td><td>The Portuguese Catholic University, Portugal<\/td><\/tr><tr><td><strong>Gholam Hassan Khajavy<\/strong><\/td><td>Ferdowsi University of Mashhad, Islamic Republic of Iran<\/td><\/tr><tr><td><strong>Hikmet Kat\u0131rc\u0131o\u011flu<\/strong><\/td><td>Gazi University, Turkey<\/td><\/tr><tr><td><strong>Irena Vodopija-Krstanovi\u0107<\/strong><\/td><td>University of Rijeka, Croatia<\/td><\/tr><tr><td><strong>Ilze Ivanova<\/strong><\/td><td>University of Latvia, Latvia<\/td><\/tr><tr><td><strong>Iveta Kovalcikova<\/strong><\/td><td>Presov University, Slovakia<\/td><\/tr><tr><td><strong>Jessica Kimmel<\/strong><\/td><td>San Antonio University, USA<\/td><\/tr><tr><td><strong>Jelena Vranje\u0161evi\u0107<\/strong><\/td><td>University of Belgrade, Serbia<\/td><\/tr><tr><td><strong>Ljilljana Markovic<\/strong><\/td><td>University of Belgrade, Serbia<\/td><\/tr><tr><td><strong>Maria Titz Pedrajas<\/strong><\/td><td>Marikina University, Philippines<\/td><\/tr><tr><td><strong>Martin Luxton<\/strong><\/td><td>British English Board, UK<\/td><\/tr><tr><td><strong>Mehmet Y\u0131lmaz<\/strong><\/td><td>Gazi University, Turkey<\/td><\/tr><tr><td><strong>Meri Lomia<\/strong><\/td><td>Grigol Robakidze University, Georgia<\/td><\/tr><tr><td><strong>Michael Kelly<\/strong><\/td><td>Southamton University, UK<\/td><\/tr><tr><td><strong>Noorjehan Ganitar<\/strong><\/td><td>Karnatak University, India<\/td><\/tr><tr><td><strong>Paul Prabhaker<\/strong><\/td><td>Northern Illinois University, USA<\/td><\/tr><tr><td><strong>Philip Glover<\/strong><\/td><td>S\u00fcleyman Demirel University, Turkey<\/td><\/tr><tr><td><strong>Rebecca Galeano<\/strong><\/td><td>Florida State University, USA<\/td><\/tr><tr><td><strong>Samuel Bandy<\/strong><\/td><td>Rockford University, USA<\/td><\/tr><tr><td><strong>Tahir At\u0131c\u0131<\/strong><\/td><td>Gazi University, Turkey<\/td><\/tr><tr><td><strong>Tamar Tavkhelidze<\/strong><\/td><td>Grigol Robakidze University, Georgia<\/td><\/tr><tr><td><strong>Tonya Huber<\/strong><\/td><td>Texas A&amp;M International University, USA<\/td><\/tr><tr><td><strong>Y\u00fcksel Altun<\/strong><\/td><td>Gazi University, Turkey<\/td><\/tr><\/tbody><\/table><\/figure>\n","protected":false},"excerpt":{"rendered":"<p>President Conference Secretariat Scientific Committee<\/p>\n","protected":false},"author":1,"featured_media":0,"parent":0,"menu_order":0,"comment_status":"closed","ping_status":"closed","template":"","meta":{"footnotes":""},"_links":{"self":[{"href":"https:\/\/globets.net\/index.php\/wp-json\/wp\/v2\/pages\/8"}],"collection":[{"href":"https:\/\/globets.net\/index.php\/wp-json\/wp\/v2\/pages"}],"about":[{"href":"https:\/\/globets.net\/index.php\/wp-json\/wp\/v2\/types\/page"}],"author":[{"embeddable":true,"href":"https:\/\/globets.net\/index.php\/wp-json\/wp\/v2\/users\/1"}],"replies":[{"embeddable":true,"href":"https:\/\/globets.net\/index.php\/wp-json\/wp\/v2\/comments?post=8"}],"version-history":[{"count":29,"href":"https:\/\/globets.net\/index.php\/wp-json\/wp\/v2\/pages\/8\/revisions"}],"predecessor-version":[{"id":774,"href":"https:\/\/globets.net\/index.php\/wp-json\/wp\/v2\/pages\/8\/revisions\/774"}],"wp:attachment":[{"href":"https:\/\/globets.net\/index.php\/wp-json\/wp\/v2\/media?parent=8"}],"curies":[{"name":"wp","href":"https:\/\/api.w.org\/{rel}","templated":true}]}}